{"id":52334,"date":"2021-05-09T16:12:14","date_gmt":"2021-05-09T14:12:14","guid":{"rendered":"https:\/\/softdentis.com\/?page_id=52334"},"modified":"2026-02-21T15:11:39","modified_gmt":"2026-02-21T14:11:39","slug":"datenschutzerklaerung-2","status":"publish","type":"page","link":"https:\/\/softdentis.com\/de\/datenschutzerklaerung-2\/","title":{"rendered":"Datenschutzerkl\u00e4rung"},"content":{"rendered":"<p>[et_pb_section fb_built=&#8220;1&#8243; _builder_version=&#8220;4.27.5&#8243; background_enable_image=&#8220;off&#8220; custom_padding=&#8220;1.7%||1.7%||true|false&#8220; collapsed=&#8220;off&#8220; global_colors_info=&#8220;{}&#8220;][et_pb_row use_custom_gutter=&#8220;on&#8220; gutter_width=&#8220;2&#8243; make_equal=&#8220;on&#8220; _builder_version=&#8220;4.16&#8243; width=&#8220;96%&#8220; width_tablet=&#8220;90%&#8220; width_phone=&#8220;90%&#8220; width_last_edited=&#8220;on|phone&#8220; max_width_tablet=&#8220;90%&#8220; max_width_phone=&#8220;90%&#8220; max_width_last_edited=&#8220;on|desktop&#8220; animation_style=&#8220;slide&#8220; animation_direction=&#8220;right&#8220; animation_duration=&#8220;400ms&#8220; global_colors_info=&#8220;{}&#8220;][et_pb_column type=&#8220;4_4&#8243; _builder_version=&#8220;4.16&#8243; background_color=&#8220;rgba(57,108,240,0.77)&#8220; custom_padding=&#8220;40px|40px|40px|40px|true|true&#8220; custom_padding_tablet=&#8220;&#8220; custom_padding_phone=&#8220;40px|30px|40px|30px|true|true&#8220; custom_padding_last_edited=&#8220;on|phone&#8220; hover_transition_duration=&#8220;0ms&#8220; global_colors_info=&#8220;{}&#8220;][et_pb_text _builder_version=&#8220;4.16&#8243; header_font=&#8220;Overpass|900|||||||&#8220; header_text_color=&#8220;#ffffff&#8220; header_font_size=&#8220;40px&#8220; header_letter_spacing=&#8220;-1px&#8220; header_line_height=&#8220;1.2em&#8220; text_orientation=&#8220;center&#8220; custom_padding=&#8220;9px|||||&#8220; header_font_size_tablet=&#8220;&#8220; header_font_size_phone=&#8220;25px&#8220; header_font_size_last_edited=&#8220;on|phone&#8220; global_colors_info=&#8220;{}&#8220;]<\/p>\n<h1>Datenschutzerkl\u00e4rung der Zahnarztpraxis<\/h1>\n<p>[\/et_pb_text][\/et_pb_column][\/et_pb_row][\/et_pb_section][et_pb_section fb_built=&#8220;1&#8243; _builder_version=&#8220;4.16&#8243; background_image=&#8220;https:\/\/softdentis.com\/wp-content\/uploads\/2020\/01\/clinic-712-12222ds222.png&#8220; parallax=&#8220;on&#8220; custom_padding=&#8220;11px||11px||true|&#8220; collapsed=&#8220;off&#8220; global_colors_info=&#8220;{}&#8220;][et_pb_row use_custom_gutter=&#8220;on&#8220; gutter_width=&#8220;2&#8243; make_equal=&#8220;on&#8220; _builder_version=&#8220;4.16&#8243; width=&#8220;96%&#8220; width_tablet=&#8220;90%&#8220; width_phone=&#8220;90%&#8220; width_last_edited=&#8220;on|phone&#8220; max_width_tablet=&#8220;90%&#8220; max_width_phone=&#8220;90%&#8220; max_width_last_edited=&#8220;on|desktop&#8220; custom_padding=&#8220;14px||3px|||&#8220; animation_style=&#8220;slide&#8220; animation_direction=&#8220;right&#8220; global_colors_info=&#8220;{}&#8220;][et_pb_column type=&#8220;4_4&#8243; _builder_version=&#8220;4.16&#8243; global_colors_info=&#8220;{}&#8220;][et_pb_text _builder_version=&#8220;4.19.2&#8243; text_font=&#8220;Roboto||||||||&#8220; text_text_color=&#8220;#000000&#8243; text_font_size=&#8220;16px&#8220; text_line_height=&#8220;1.9em&#8220; header_2_font=&#8220;|700|||||||&#8220; custom_margin=&#8220;10px||16px||false|false&#8220; custom_margin_tablet=&#8220;&#8220; custom_margin_phone=&#8220;5px||||false|false&#8220; custom_margin_last_edited=&#8220;on|phone&#8220; custom_padding=&#8220;12px||||false|false&#8220; global_colors_info=&#8220;{}&#8220;]<\/p>\n<h2 style=\"text-align: center;\">Hinweise<\/h2>\n<p>&nbsp;<\/p>\n<h3>Verantwortliche Stelle<\/h3>\n<p>Die verantwortliche Stelle f\u00fcr die Datenverarbeitung auf dieser Website ist:<\/p>\n<p><span>Zahnarztpraxis<\/span><br \/><span>Kasztelanska 7A<\/span><br \/><span>51200 Wroclaw<\/span><br \/><span>Polen<\/span><\/p>\n<p><span>E-mail: <a href=\"mailto:info@softdentis.com\">info@softdentis.com<\/a><\/span><\/p>\n<h3>Kontaktformular<\/h3>\n<p>Die Verarbeitung der in das Kontaktformular eingegebenen Daten erfolgt ausschlie\u00dflich auf Grundlage Ihrer Einwilligung (Art. 6 Abs. 1 lit. a DSGVO). Ein Widerruf Ihrer bereits erteilten Einwilligung ist jederzeit m\u00f6glich. F\u00fcr den Widerruf gen\u00fcgt eine formlose Mitteilung per E-Mail.<\/p>\n<h3>Google reCAPTCHA<\/h3>\n<p>Wir nutzen \u201eGoogle reCAPTCHA\u201c auf dieser Website. Anbieter ist die Google Ireland Limited (\u201eGoogle\u201c), Gordon House, Barrow Street, Dublin 4, Irland.<\/p>\n<h3>Google Analytics<\/h3>\n<p>Unsere Website verwendet Funktionen des Webanalysedienstes Google Analytics. Anbieter des Webanalysedienstes ist die Google Inc., 1600 Amphitheatre Parkway, Mountain View, CA 94043, USA.<b>\u00a0<\/b><\/p>\n<h3>Google AdWords<\/h3>\n<p>Unsere Website verwendet Google AdWords. Anbieter ist die Google Inc., 1600 Amphitheatre Parkway, Mountain View, CA 94043, United States.<\/p>\n<p>[\/et_pb_text][\/et_pb_column][\/et_pb_row][\/et_pb_section][et_pb_section fb_built=&#8220;1&#8243; _builder_version=&#8220;4.16&#8243; background_enable_color=&#8220;off&#8220; use_background_color_gradient=&#8220;on&#8220; background_color_gradient_type=&#8220;circular&#8220; background_color_gradient_stops=&#8220;#2b87de 0%|#21299e 100%&#8220; background_color_gradient_start=&#8220;#2b87de&#8220; background_color_gradient_end=&#8220;#21299e&#8220; custom_margin=&#8220;||||false|false&#8220; custom_padding=&#8220;||||false|false&#8220; background_color_gradient_stops_tablet=&#8220;#2b87de 0%|#21299e 100%&#8220; background_color_gradient_stops_phone=&#8220;#2b87de 0%|#21299e 100%&#8220; saved_tabs=&#8220;all&#8220; collapsed=&#8220;off&#8220; global_colors_info=&#8220;{}&#8220;][et_pb_row column_structure=&#8220;1_3,1_3,1_3&#8243; use_custom_gutter=&#8220;on&#8220; gutter_width=&#8220;4&#8243; make_equal=&#8220;on&#8220; _builder_version=&#8220;4.16&#8243; width=&#8220;90%&#8220; max_width=&#8220;1100px&#8220; max_width_tablet=&#8220;90%&#8220; max_width_phone=&#8220;90%&#8220; max_width_last_edited=&#8220;on|desktop&#8220; custom_margin=&#8220;-50px||-30px||false|false&#8220; custom_padding=&#8220;||0px||false|false&#8220; global_colors_info=&#8220;{}&#8220;][et_pb_column type=&#8220;1_3&#8243; _builder_version=&#8220;4.16&#8243; global_colors_info=&#8220;{}&#8220;][et_pb_blurb title=&#8220;+48881353040&#8243; use_icon=&#8220;on&#8220; font_icon=&#8220;&#xe090;||divi||400&#8243; icon_color=&#8220;#FFFFFF&#8220; icon_placement=&#8220;left&#8220; content_max_width=&#8220;100%&#8220; _builder_version=&#8220;4.27.5&#8243; header_font=&#8220;Roboto||||||||&#8220; header_text_align=&#8220;left&#8220; header_text_color=&#8220;#FFFFFF&#8220; header_font_size=&#8220;17px&#8220; body_text_align=&#8220;left&#8220; body_text_color=&#8220;#FFFFFF&#8220; body_font_size=&#8220;13px&#8220; custom_margin=&#8220;||||false|false&#8220; custom_margin_tablet=&#8220;|||0px|false|false&#8220; custom_margin_phone=&#8220;||||false|false&#8220; custom_margin_last_edited=&#8220;on|phone&#8220; animation=&#8220;off&#8220; link_option_url=&#8220;tel:+48881353040&#8243; hover_enabled=&#8220;0&#8243; border_width_right_image=&#8220;15px&#8220; border_color_right_image=&#8220;rgba(0,0,0,0)&#8220; global_colors_info=&#8220;{}&#8220; sticky_enabled=&#8220;0&#8243;]<\/p>\n<p>Mo-Fr\u00a0 9:00-17:00<\/p>\n<p>[\/et_pb_blurb][\/et_pb_column][et_pb_column type=&#8220;1_3&#8243; _builder_version=&#8220;4.16&#8243; global_colors_info=&#8220;{}&#8220;][et_pb_blurb title=&#8220;dentysta@softdentis.com&#8220; use_icon=&#8220;on&#8220; font_icon=&#8220;&#xe076;||divi||400&#8243; icon_color=&#8220;#FFFFFF&#8220; icon_placement=&#8220;left&#8220; content_max_width=&#8220;100%&#8220; _builder_version=&#8220;4.27.5&#8243; header_font=&#8220;Roboto||||||||&#8220; header_text_align=&#8220;left&#8220; header_text_color=&#8220;#FFFFFF&#8220; header_font_size=&#8220;17px&#8220; body_text_align=&#8220;left&#8220; body_text_color=&#8220;#FFFFFF&#8220; body_font_size=&#8220;13px&#8220; custom_margin=&#8220;||||false|false&#8220; custom_margin_tablet=&#8220;|||0px|false|false&#8220; custom_margin_phone=&#8220;|||0px|false|false&#8220; custom_margin_last_edited=&#8220;on|phone&#8220; animation=&#8220;off&#8220; link_option_url=&#8220;mailto:dentysta@softdentis.com&#8220; hover_enabled=&#8220;0&#8243; border_width_right_image=&#8220;15px&#8220; border_color_right_image=&#8220;rgba(0,0,0,0)&#8220; global_colors_info=&#8220;{}&#8220; sticky_enabled=&#8220;0&#8243;]<\/p>\n<p>E-Mail<\/p>\n<p>[\/et_pb_blurb][\/et_pb_column][et_pb_column type=&#8220;1_3&#8243; _builder_version=&#8220;4.16&#8243; global_colors_info=&#8220;{}&#8220;][et_pb_blurb title=&#8220;Anmerkung&#8220; use_icon=&#8220;on&#8220; font_icon=&#8220;&#xe06c;||divi||400&#8243; icon_color=&#8220;#FFFFFF&#8220; icon_placement=&#8220;left&#8220; _builder_version=&#8220;4.24.2&#8243; _dynamic_attributes=&#8220;link_option_url&#8220; _module_preset=&#8220;default&#8220; header_text_color=&#8220;#FFFFFF&#8220; header_font_size=&#8220;17px&#8220; body_text_color=&#8220;#FFFFFF&#8220; body_font_size=&#8220;13px&#8220; custom_margin=&#8220;||||false|false&#8220; link_option_url=&#8220;@ET-DC@eyJkeW5hbWljIjp0cnVlLCJjb250ZW50IjoicG9zdF9saW5rX3VybF9wYWdlIiwic2V0dGluZ3MiOnsicG9zdF9pZCI6IjUyMzM0In19@&#8220; global_colors_info=&#8220;{}&#8220;]<\/p>\n<p>Datenschutzerkl\u00e4rung<\/p>\n<p>[\/et_pb_blurb][\/et_pb_column][\/et_pb_row][\/et_pb_section]<\/p>\n","protected":false},"excerpt":{"rendered":"<p>Datenschutzerkl\u00e4rung der ZahnarztpraxisHinweise &nbsp; Verantwortliche Stelle Die verantwortliche Stelle f\u00fcr die Datenverarbeitung auf dieser Website ist: ZahnarztpraxisKasztelanska 7A51200 WroclawPolen E-mail: info@softdentis.com Kontaktformular Die Verarbeitung der in das Kontaktformular eingegebenen Daten erfolgt ausschlie\u00dflich auf Grundlage Ihrer Einwilligung (Art. 6 Abs. 1 lit. a DSGVO). Ein Widerruf Ihrer bereits erteilten Einwilligung ist jederzeit m\u00f6glich. F\u00fcr den Widerruf [&hellip;]<\/p>\n","protected":false},"author":2,"featured_media":0,"parent":0,"menu_order":0,"comment_status":"closed","ping_status":"closed","template":"","meta":{"_et_pb_use_builder":"on","_et_pb_old_content":"","_et_gb_content_width":"","footnotes":""},"class_list":["post-52334","page","type-page","status-publish","hentry"],"yoast_head":"<!-- This site is optimized with the Yoast SEO plugin v27.0 - https:\/\/yoast.com\/product\/yoast-seo-wordpress\/ -->\n<title>Datenschutzerkl\u00e4rung von Zahnarztpraxis Softdentis in Polen<\/title>\n<meta name=\"description\" content=\"Kurze Beschreibung von Datenverarbeitung und Datenschutz angewendet in Zahnarztpraxis SoftDentis in Wroclaw (Breslau)\" \/>\n<meta name=\"robots\" content=\"index, follow, max-snippet:-1, max-image-preview:large, max-video-preview:-1\" \/>\n<link rel=\"canonical\" href=\"https:\/\/softdentis.com\/de\/datenschutzerklaerung-2\/\" \/>\n<meta property=\"og:locale\" content=\"de_DE\" \/>\n<meta property=\"og:type\" content=\"article\" \/>\n<meta property=\"og:title\" content=\"Datenschutzerkl\u00e4rung von Zahnarztpraxis Softdentis in Polen\" \/>\n<meta property=\"og:description\" content=\"Kurze Beschreibung von Datenverarbeitung und Datenschutz angewendet in Zahnarztpraxis SoftDentis in Wroclaw (Breslau)\" \/>\n<meta property=\"og:url\" content=\"https:\/\/softdentis.com\/de\/datenschutzerklaerung-2\/\" \/>\n<meta property=\"og:site_name\" content=\"Preiswerter Zahnersatz beim Zahnarzt in Polen\" \/>\n<meta property=\"article:publisher\" content=\"https:\/\/www.facebook.com\/search\/top?q=zahnarztpraxissoftdentis\" \/>\n<meta property=\"article:modified_time\" content=\"2026-02-21T14:11:39+00:00\" \/>\n<meta name=\"twitter:card\" content=\"summary_large_image\" \/>\n<meta name=\"twitter:label1\" content=\"Gesch\u00e4tzte Lesezeit\" \/>\n\t<meta name=\"twitter:data1\" content=\"2\u00a0Minuten\" \/>\n<script type=\"application\/ld+json\" class=\"yoast-schema-graph\">{\"@context\":\"https:\/\/schema.org\",\"@graph\":[{\"@type\":\"WebPage\",\"@id\":\"https:\/\/softdentis.com\/de\/datenschutzerklaerung-2\/\",\"url\":\"https:\/\/softdentis.com\/de\/datenschutzerklaerung-2\/\",\"name\":\"Datenschutzerkl\u00e4rung von Zahnarztpraxis Softdentis in Polen\",\"isPartOf\":{\"@id\":\"https:\/\/softdentis.com\/#website\"},\"datePublished\":\"2021-05-09T14:12:14+00:00\",\"dateModified\":\"2026-02-21T14:11:39+00:00\",\"description\":\"Kurze Beschreibung von Datenverarbeitung und Datenschutz angewendet in Zahnarztpraxis SoftDentis in Wroclaw (Breslau)\",\"breadcrumb\":{\"@id\":\"https:\/\/softdentis.com\/de\/datenschutzerklaerung-2\/#breadcrumb\"},\"inLanguage\":\"de\",\"potentialAction\":[{\"@type\":\"ReadAction\",\"target\":[\"https:\/\/softdentis.com\/de\/datenschutzerklaerung-2\/\"]}]},{\"@type\":\"BreadcrumbList\",\"@id\":\"https:\/\/softdentis.com\/de\/datenschutzerklaerung-2\/#breadcrumb\",\"itemListElement\":[{\"@type\":\"ListItem\",\"position\":1,\"name\":\"Startseite\",\"item\":\"https:\/\/softdentis.com\/de\/\"},{\"@type\":\"ListItem\",\"position\":2,\"name\":\"Datenschutzerkl\u00e4rung\"}]},{\"@type\":\"WebSite\",\"@id\":\"https:\/\/softdentis.com\/#website\",\"url\":\"https:\/\/softdentis.com\/\",\"name\":\"Preiswerter Zahnersatz beim Zahnarzt in Polen\",\"description\":\"G\u00fcnstige Zahnbehandlung und Zahnsanierung in moderner Zahnklinik in Wroclaw (Breslau)\",\"publisher\":{\"@id\":\"https:\/\/softdentis.com\/#organization\"},\"potentialAction\":[{\"@type\":\"SearchAction\",\"target\":{\"@type\":\"EntryPoint\",\"urlTemplate\":\"https:\/\/softdentis.com\/?s={search_term_string}\"},\"query-input\":{\"@type\":\"PropertyValueSpecification\",\"valueRequired\":true,\"valueName\":\"search_term_string\"}}],\"inLanguage\":\"de\"},{\"@type\":\"Organization\",\"@id\":\"https:\/\/softdentis.com\/#organization\",\"name\":\"Preiswerter Zahnersatz beim Zahnarzt in Polen\",\"url\":\"https:\/\/softdentis.com\/\",\"logo\":{\"@type\":\"ImageObject\",\"inLanguage\":\"de\",\"@id\":\"https:\/\/softdentis.com\/#\/schema\/logo\/image\/\",\"url\":\"https:\/\/softdentis.com\/wp-content\/uploads\/2021\/05\/cropped-favicon-ok.png\",\"contentUrl\":\"https:\/\/softdentis.com\/wp-content\/uploads\/2021\/05\/cropped-favicon-ok.png\",\"width\":512,\"height\":512,\"caption\":\"Preiswerter Zahnersatz beim Zahnarzt in Polen\"},\"image\":{\"@id\":\"https:\/\/softdentis.com\/#\/schema\/logo\/image\/\"},\"sameAs\":[\"https:\/\/www.facebook.com\/search\/top?q=zahnarztpraxissoftdentis\"]}]}<\/script>\n<!-- \/ Yoast SEO plugin. -->","yoast_head_json":{"title":"Datenschutzerkl\u00e4rung von Zahnarztpraxis Softdentis in Polen","description":"Kurze Beschreibung von Datenverarbeitung und Datenschutz angewendet in Zahnarztpraxis SoftDentis in Wroclaw (Breslau)","robots":{"index":"index","follow":"follow","max-snippet":"max-snippet:-1","max-image-preview":"max-image-preview:large","max-video-preview":"max-video-preview:-1"},"canonical":"https:\/\/softdentis.com\/de\/datenschutzerklaerung-2\/","og_locale":"de_DE","og_type":"article","og_title":"Datenschutzerkl\u00e4rung von Zahnarztpraxis Softdentis in Polen","og_description":"Kurze Beschreibung von Datenverarbeitung und Datenschutz angewendet in Zahnarztpraxis SoftDentis in Wroclaw (Breslau)","og_url":"https:\/\/softdentis.com\/de\/datenschutzerklaerung-2\/","og_site_name":"Preiswerter Zahnersatz beim Zahnarzt in Polen","article_publisher":"https:\/\/www.facebook.com\/search\/top?q=zahnarztpraxissoftdentis","article_modified_time":"2026-02-21T14:11:39+00:00","twitter_card":"summary_large_image","twitter_misc":{"Gesch\u00e4tzte Lesezeit":"2\u00a0Minuten"},"schema":{"@context":"https:\/\/schema.org","@graph":[{"@type":"WebPage","@id":"https:\/\/softdentis.com\/de\/datenschutzerklaerung-2\/","url":"https:\/\/softdentis.com\/de\/datenschutzerklaerung-2\/","name":"Datenschutzerkl\u00e4rung von Zahnarztpraxis Softdentis in Polen","isPartOf":{"@id":"https:\/\/softdentis.com\/#website"},"datePublished":"2021-05-09T14:12:14+00:00","dateModified":"2026-02-21T14:11:39+00:00","description":"Kurze Beschreibung von Datenverarbeitung und Datenschutz angewendet in Zahnarztpraxis SoftDentis in Wroclaw (Breslau)","breadcrumb":{"@id":"https:\/\/softdentis.com\/de\/datenschutzerklaerung-2\/#breadcrumb"},"inLanguage":"de","potentialAction":[{"@type":"ReadAction","target":["https:\/\/softdentis.com\/de\/datenschutzerklaerung-2\/"]}]},{"@type":"BreadcrumbList","@id":"https:\/\/softdentis.com\/de\/datenschutzerklaerung-2\/#breadcrumb","itemListElement":[{"@type":"ListItem","position":1,"name":"Startseite","item":"https:\/\/softdentis.com\/de\/"},{"@type":"ListItem","position":2,"name":"Datenschutzerkl\u00e4rung"}]},{"@type":"WebSite","@id":"https:\/\/softdentis.com\/#website","url":"https:\/\/softdentis.com\/","name":"Preiswerter Zahnersatz beim Zahnarzt in Polen","description":"G\u00fcnstige Zahnbehandlung und Zahnsanierung in moderner Zahnklinik in Wroclaw (Breslau)","publisher":{"@id":"https:\/\/softdentis.com\/#organization"},"potentialAction":[{"@type":"SearchAction","target":{"@type":"EntryPoint","urlTemplate":"https:\/\/softdentis.com\/?s={search_term_string}"},"query-input":{"@type":"PropertyValueSpecification","valueRequired":true,"valueName":"search_term_string"}}],"inLanguage":"de"},{"@type":"Organization","@id":"https:\/\/softdentis.com\/#organization","name":"Preiswerter Zahnersatz beim Zahnarzt in Polen","url":"https:\/\/softdentis.com\/","logo":{"@type":"ImageObject","inLanguage":"de","@id":"https:\/\/softdentis.com\/#\/schema\/logo\/image\/","url":"https:\/\/softdentis.com\/wp-content\/uploads\/2021\/05\/cropped-favicon-ok.png","contentUrl":"https:\/\/softdentis.com\/wp-content\/uploads\/2021\/05\/cropped-favicon-ok.png","width":512,"height":512,"caption":"Preiswerter Zahnersatz beim Zahnarzt in Polen"},"image":{"@id":"https:\/\/softdentis.com\/#\/schema\/logo\/image\/"},"sameAs":["https:\/\/www.facebook.com\/search\/top?q=zahnarztpraxissoftdentis"]}]}},"_links":{"self":[{"href":"https:\/\/softdentis.com\/de\/wp-json\/wp\/v2\/pages\/52334","targetHints":{"allow":["GET"]}}],"collection":[{"href":"https:\/\/softdentis.com\/de\/wp-json\/wp\/v2\/pages"}],"about":[{"href":"https:\/\/softdentis.com\/de\/wp-json\/wp\/v2\/types\/page"}],"author":[{"embeddable":true,"href":"https:\/\/softdentis.com\/de\/wp-json\/wp\/v2\/users\/2"}],"replies":[{"embeddable":true,"href":"https:\/\/softdentis.com\/de\/wp-json\/wp\/v2\/comments?post=52334"}],"version-history":[{"count":5,"href":"https:\/\/softdentis.com\/de\/wp-json\/wp\/v2\/pages\/52334\/revisions"}],"predecessor-version":[{"id":59177,"href":"https:\/\/softdentis.com\/de\/wp-json\/wp\/v2\/pages\/52334\/revisions\/59177"}],"wp:attachment":[{"href":"https:\/\/softdentis.com\/de\/wp-json\/wp\/v2\/media?parent=52334"}],"curies":[{"name":"wp","href":"https:\/\/api.w.org\/{rel}","templated":true}]}}